{"id":2983,"date":"2025-04-13T09:42:50","date_gmt":"2025-04-13T14:42:50","guid":{"rendered":"https:\/\/creavoid.com\/?page_id=2983"},"modified":"2025-04-13T09:49:44","modified_gmt":"2025-04-13T14:49:44","slug":"unsere-partner","status":"publish","type":"page","link":"https:\/\/creavoid.com\/de\/unsere-partner\/","title":{"rendered":"Unsere Partner"},"content":{"rendered":"\n<p>Hier finden Sie unsere Partner mit denen wir in Verbindung stehen.<\/p>\n\n\n\n<h2 class=\"wp-block-heading\">Einleitung<\/h2>\n\n\n\n<p>Willkommen auf unserer Partnerseite, wo wir stolz die Firmen und Organisationen auflisten, mit denen wir zusammenarbeiten. Diese Partnerschaften sind entscheidend f\u00fcr unseren Erfolg und helfen uns, unsere Ziele effektiv zu erreichen.<\/p>\n\n\n\n<h2 class=\"wp-block-heading\">Warum Partnerschaften wichtig sind<\/h2>\n\n\n\n<p>Partnerschaften spielen eine zentrale Rolle in der heutigen Gesch\u00e4ftswelt. Sie erm\u00f6glichen den Austausch von Ressourcen, Wissen und Erfahrungen, was zu Innovation und Wachstum f\u00fchrt. Durch die Zusammenarbeit mit unseren Partnern k\u00f6nnen wir unsere Dienstleistungen verbessern und auf die Bed\u00fcrfnisse unserer Kunden besser eingehen.<\/p>\n\n\n\n<h2 class=\"wp-block-heading\">Unsere Partner<\/h2>\n\n\n\n<p>Wir arbeiten mit einer Vielzahl von Partnern zusammen, die in verschiedenen Branchen t\u00e4tig sind. Jeder Partner bringt seine eigene Expertise und Perspektive ein, was unsere Projekte bereichert und unser Leistungsangebot erweitert. Wir sch\u00e4tzen die Beziehungen zu unseren Partnern und sind stolz darauf, gemeinsam Fortschritte zu erzielen.<\/p>\n\n\n\n<figure class=\"wp-block-table is-style-regular\"><table class=\"has-fixed-layout\"><thead><tr><th>Partner-Logo<\/th><th>Partner<\/th><th>Website<\/th><th>Details<\/th><\/tr><\/thead><tbody><tr><td><\/td><td><\/td><td><\/td><td><\/td><\/tr><tr><td><\/td><td><\/td><td><\/td><td><\/td><\/tr><tr><td><\/td><td><\/td><td><\/td><td><\/td><\/tr><\/tbody><\/table><\/figure>\n\n\n\n<figure class=\"wp-block-image size-full\"><img decoding=\"async\" src=\"https:\/\/creavoid.com\/wp-content\/uploads\/ACT-Logo-mit-Slogan.svg\" alt=\"\" class=\"wp-image-2986\"><\/figure>\n","protected":false},"excerpt":{"rendered":"<p>Hier finden Sie unsere Partner mit denen wir in Verbindung stehen. Einleitung Willkommen auf unserer Partnerseite, wo wir stolz die Firmen und Organisationen auflisten, mit denen wir zusammenarbeiten. Diese Partnerschaften sind entscheidend f\u00fcr unseren Erfolg und helfen uns, unsere Ziele effektiv zu erreichen. Warum Partnerschaften wichtig sind Partnerschaften spielen eine zentrale Rolle in der heutigen [&hellip;]<\/p>\n","protected":false},"author":1,"featured_media":0,"parent":0,"menu_order":0,"comment_status":"closed","ping_status":"closed","template":"","meta":{"footnotes":""},"class_list":["post-2983","page","type-page","status-publish","hentry"],"_links":{"self":[{"href":"https:\/\/creavoid.com\/de\/wp-json\/wp\/v2\/pages\/2983","targetHints":{"allow":["GET"]}}],"collection":[{"href":"https:\/\/creavoid.com\/de\/wp-json\/wp\/v2\/pages"}],"about":[{"href":"https:\/\/creavoid.com\/de\/wp-json\/wp\/v2\/types\/page"}],"author":[{"embeddable":true,"href":"https:\/\/creavoid.com\/de\/wp-json\/wp\/v2\/users\/1"}],"replies":[{"embeddable":true,"href":"https:\/\/creavoid.com\/de\/wp-json\/wp\/v2\/comments?post=2983"}],"version-history":[{"count":0,"href":"https:\/\/creavoid.com\/de\/wp-json\/wp\/v2\/pages\/2983\/revisions"}],"wp:attachment":[{"href":"https:\/\/creavoid.com\/de\/wp-json\/wp\/v2\/media?parent=2983"}],"curies":[{"name":"wp","href":"https:\/\/api.w.org\/{rel}","templated":true}]}}